{"id":96205,"date":"2024-06-25T12:10:39","date_gmt":"2024-06-25T10:10:39","guid":{"rendered":"https:\/\/africandreamland.com\/personalized-africa-map-shop\/sin%20categor\u00eda\/brazalete-de-perro-salchicha-negro\/"},"modified":"2024-06-25T12:16:11","modified_gmt":"2024-06-25T10:16:11","slug":"pulsera-de-perro-salchicha-negro","status":"publish","type":"product","link":"https:\/\/africandreamland.com\/es\/pulsera-de-perro-salchicha-negro\/","title":{"rendered":"Pulsera Perro Salchicha Negra"},"content":{"rendered":"<p>Pulsera Perro Salchicha Negra en una caja de regalo kraft con un Regalo Extra Gratis.<\/p>\n<p>\u2b50\ufe0f\u2b50\ufe0f\u2b50\ufe0f\u2b50\ufe0f\u2b50\ufe0f<br \/>\n&#8220;Es un placer recibir mi peque\u00f1a pulsera. Es simplemente la forma en que se ve en la imagen. Viene muy linda presentada en una caja de cart\u00f3n con estrellas y corazones de papel. En la medida de lo posible, repetir\u00e9 comprando mi collar&#8221;. Sandra.<\/p>\n<h2>\u00a1Esta pulsera de perro salchicha negra es perfecta para los amantes de los perros dachshund!<\/h2>\n<p>\u2728 C\u00d3MO HACER EL PEDIDO<\/p>\n<p>Para recibir tu pulsera Dachshund en tu casa, solo necesitas poner tu pulsera en el carrito y hacer el pago.<\/p>\n<p>\u00a1Y eso es todo!<br \/>\n\u00a1Estar\u00e1s lista para recibir tu pulsera de perro salchicha, hecha a mano especialmente para ti!<\/p>\n<p>\u2728 QU\u00c9 RECIBIR\u00c1S<\/p>\n<p>Tu pulsera llegar\u00e1 perfectamente envuelta para regalo, con un regalo extra para ti o quien quieras.<\/p>\n<p>\u2728PREGUNTAS FRECUENTES<\/p>\n<p>TAMA\u00d1O DEL PERRITO: 3&#215;1,5 cm (1,5&#215;0,6 pulgadas). 0,8 mm de grosor.<\/p>\n<p>CUERDA:<br \/>\nCord\u00f3n de cuero de nudo corredizo.<\/p>\n<p>MATERIALES:<br \/>\nPlata de ley 925.<\/p>\n<p>ESTA JOYA NO SE PUEDE GRABAR.<\/p>\n<p>\u2728TEN EN CUENTA:<br \/>\nTIEMPO DE PROCESAMIENTO: 1-3 d\u00edas.<\/p>\n<p>ENV\u00cdO:<br \/>\nTu joya ser\u00e1 enviada por DHL express (1-2 d\u00edas).<\/p>\n<p>\u00a1Llegar\u00e1 a USA EN 1-2 d\u00edas!<\/p>\n<p>En Espa\u00f1a Correos Express 24h.<\/p>\n<p>SELLO 925:<br \/>\nTodas mis joyas de plata (incluidas las joyas ba\u00f1adas en oro) est\u00e1n estampadas con el 925 en la parte posterior o en el cierre, esto no se puede cambiar.<\/p>\n","protected":false},"excerpt":{"rendered":"<p>Pulsera Dachshund hecha a mano en plata.<\/p>\n","protected":false},"featured_media":99257,"comment_status":"open","ping_status":"closed","template":"","meta":{"_et_pb_use_builder":"","_et_pb_old_content":"","_et_gb_content_width":""},"product_brand":[],"product_cat":[2241],"product_tag":[],"class_list":{"0":"post-96205","1":"product","2":"type-product","3":"status-publish","4":"has-post-thumbnail","6":"product_cat-joyas-de-mascotas","8":"first","9":"instock","10":"taxable","11":"shipping-taxable","12":"purchasable","13":"product-type-simple"},"exclude_global_add_ons":[],"addons":[],"jetpack_sharing_enabled":true,"_links":{"self":[{"href":"https:\/\/africandreamland.com\/es\/wp-json\/wp\/v2\/product\/96205","targetHints":{"allow":["GET"]}}],"collection":[{"href":"https:\/\/africandreamland.com\/es\/wp-json\/wp\/v2\/product"}],"about":[{"href":"https:\/\/africandreamland.com\/es\/wp-json\/wp\/v2\/types\/product"}],"replies":[{"embeddable":true,"href":"https:\/\/africandreamland.com\/es\/wp-json\/wp\/v2\/comments?post=96205"}],"wp:featuredmedia":[{"embeddable":true,"href":"https:\/\/africandreamland.com\/es\/wp-json\/wp\/v2\/media\/99257"}],"wp:attachment":[{"href":"https:\/\/africandreamland.com\/es\/wp-json\/wp\/v2\/media?parent=96205"}],"wp:term":[{"taxonomy":"product_brand","embeddable":true,"href":"https:\/\/africandreamland.com\/es\/wp-json\/wp\/v2\/product_brand?post=96205"},{"taxonomy":"product_cat","embeddable":true,"href":"https:\/\/africandreamland.com\/es\/wp-json\/wp\/v2\/product_cat?post=96205"},{"taxonomy":"product_tag","embeddable":true,"href":"https:\/\/africandreamland.com\/es\/wp-json\/wp\/v2\/product_tag?post=96205"}],"curies":[{"name":"wp","href":"https:\/\/api.w.org\/{rel}","templated":true}]}}