{"id":96219,"date":"2020-04-02T16:21:04","date_gmt":"2020-04-02T14:21:04","guid":{"rendered":"https:\/\/africandreamland.com\/personalized-africa-map-shop\/sin%20categor\u00eda\/colgante-de-plata-cho-ku-rei\/"},"modified":"2024-06-30T12:07:37","modified_gmt":"2024-06-30T10:07:37","slug":"colgante-de-plata-cho-ku-rei","status":"publish","type":"product","link":"https:\/\/africandreamland.com\/es\/colgante-de-plata-cho-ku-rei\/","title":{"rendered":"Colgante Cho Ku Rei de plata"},"content":{"rendered":"<p>Colgante Cho Ku Rei de plata en una caja de regalo kraft con un regalo extra gratis.<\/p>\n<h2>El colgante Cho Ku Rei de plata simboliza el poder de la concentraci\u00f3n. Este colgante es el s\u00edmbolo del poder, porque abre el camino al flujo de la energ\u00eda. Es un s\u00edmbolo\ud83e\udd0d de Reiki.<\/h2>\n<p>Colgante Cho Ku Rei te ayudar\u00e1 a sentir el poder dentro de ti adem\u00e1s de hacerte brillar ante los dem\u00e1s por su dise\u00f1o y acabados texturizados.<\/p>\n<p>\u2728 C\u00d3MO HACER EL PEDIDO<\/p>\n<p>Para recibir tu ChoKu Rei en tu casa, solo necesitas:<\/p>\n<p>1. Elija el tama\u00f1o de la cadena: 16&#8243; (40 cm) o 18&#8243; (45 cm) en el cuadro de opciones.<\/p>\n<p>2. Elija cadena, cord\u00f3n o sin cadena.<\/p>\n<p>\u00a1Y eso es todo!<br \/>\n\u00a1Estar\u00e1s lista para recibir tu colgante, hecho a mano especialmente para ti!<\/p>\n<p>\u2728 QU\u00c9 RECIBIR\u00c1S<\/p>\n<p>Tu colgante llegar\u00e1 bellamente envuelto para regalo, con un regalo extra para ti o quien quieras.<\/p>\n<p>\u2728PREGUNTAS FRECUENTES<\/p>\n<p>TAMA\u00d1O DEL COLGANTE: 3 cm (1 pulgadas). 1 mm de espesor<\/p>\n<p>ACABADO: Pulido.<\/p>\n<p>CADENA: Cadena de plata 925 o cord\u00f3n de cuero de primera calidad.<\/p>\n<p>MATERIALES:<br \/>\n925 Plata de ley<\/p>\n<p>\u2728TEN EN CUENTA:<br \/>\nTIEMPO DE PROCESAMIENTO: 1-3 d\u00edas.<\/p>\n<p>ENV\u00cdO:<br \/>\nSu joya ser\u00e1 enviada por env\u00edo expr\u00e9s (1-3 d\u00edas).<\/p>\n<p>\u00a1Llegar\u00e1 a USA EN 1-2 d\u00edas!<\/p>\n<p>En Espa\u00f1a Correos Express 24h.<\/p>\n<p>SELLO 925:<br \/>\nTodas mis joyas de plata (incluidas las joyas ba\u00f1adas en oro) est\u00e1n estampadas con 925 en la parte posterior o en el cierre, esto no se puede cambiar.<\/p>\n","protected":false},"excerpt":{"rendered":"<p>Collar Cho Ku Rei en plata de ley.<\/p>\n","protected":false},"featured_media":96217,"comment_status":"open","ping_status":"closed","template":"","meta":{"_et_pb_use_builder":"","_et_pb_old_content":"","_et_gb_content_width":""},"product_brand":[],"product_cat":[1457],"product_tag":[],"class_list":{"0":"post-96219","1":"product","2":"type-product","3":"status-publish","4":"has-post-thumbnail","6":"product_cat-collares-de-plata","8":"first","9":"instock","10":"taxable","11":"shipping-taxable","12":"purchasable","13":"product-type-variable"},"exclude_global_add_ons":[],"addons":[],"jetpack_sharing_enabled":true,"_links":{"self":[{"href":"https:\/\/africandreamland.com\/es\/wp-json\/wp\/v2\/product\/96219","targetHints":{"allow":["GET"]}}],"collection":[{"href":"https:\/\/africandreamland.com\/es\/wp-json\/wp\/v2\/product"}],"about":[{"href":"https:\/\/africandreamland.com\/es\/wp-json\/wp\/v2\/types\/product"}],"replies":[{"embeddable":true,"href":"https:\/\/africandreamland.com\/es\/wp-json\/wp\/v2\/comments?post=96219"}],"wp:featuredmedia":[{"embeddable":true,"href":"https:\/\/africandreamland.com\/es\/wp-json\/wp\/v2\/media\/96217"}],"wp:attachment":[{"href":"https:\/\/africandreamland.com\/es\/wp-json\/wp\/v2\/media?parent=96219"}],"wp:term":[{"taxonomy":"product_brand","embeddable":true,"href":"https:\/\/africandreamland.com\/es\/wp-json\/wp\/v2\/product_brand?post=96219"},{"taxonomy":"product_cat","embeddable":true,"href":"https:\/\/africandreamland.com\/es\/wp-json\/wp\/v2\/product_cat?post=96219"},{"taxonomy":"product_tag","embeddable":true,"href":"https:\/\/africandreamland.com\/es\/wp-json\/wp\/v2\/product_tag?post=96219"}],"curies":[{"name":"wp","href":"https:\/\/api.w.org\/{rel}","templated":true}]}}