{"id":96321,"date":"2024-10-18T23:46:53","date_gmt":"2024-10-18T21:46:53","guid":{"rendered":"https:\/\/africandreamland.com\/personalized-africa-map-shop\/sin%20categor\u00eda\/africa-map-pulsera-macrame-2\/"},"modified":"2024-12-08T11:41:04","modified_gmt":"2024-12-08T10:41:04","slug":"guatemala-map-bracelet","status":"publish","type":"product","link":"https:\/\/africandreamland.com\/es\/guatemala-map-bracelet\/","title":{"rendered":"Pulsera Guatemala Macram\u00e9"},"content":{"rendered":"<p>Pulsera Guatemala Macram\u00e9 o cobre en una caja de regalo kraft con un Regalo Extra Gratis.<\/p>\n<p>Si eres un amante de Am\u00e9rica que busca sentirse cerca de su tierra o acercar Guatemala a tu coraz\u00f3n, det\u00e9n la b\u00fasqueda, esto es exactamente lo que est\u00e1s buscando\ud83e\udd0d.<\/p>\n<p>Esta Pulsera Guatemala Macram\u00e9 te ayudar\u00e1 a sentir el mapa de Guatemala cerca de ti adem\u00e1s de hacerte brillar ante los dem\u00e1s por su dise\u00f1o y acabados texturizados.<\/p>\n<p>\u2728 C\u00d3MO HACER EL PEDIDO<\/p>\n<p>Para recibir tu Pulsera Guatemala en tu casa, solo necesitas:<\/p>\n<p>1. Elija el material si deseas una pulsera de plata de ley o de cobre.<\/p>\n<p>2. Elige en las opciones el color de tu pulsera.<\/p>\n<p>\u00a1Y eso es todo!<br \/>\n\u00a1Estar\u00e1s lista para recibir tu colgante, hecho a mano especialmente para ti!<\/p>\n<p>\u2728 QU\u00c9 RECIBIR\u00c1S<\/p>\n<p>Tu pulsera llegar\u00e1 perfectamente envuelta para regalo, con un regalo extra para ti o quien quieras.<\/p>\n<p>\u2728PREGUNTAS FRECUENTES<\/p>\n<p>TAMA\u00d1O DE LA PIEZA: 1cm.<\/p>\n<p>Colores: Rosa, Arena o Negro.<\/p>\n<p>MATERIALES:<br \/>\n-Plata de ley 925.<br \/>\n-Cobre con tratamiento anti deslustre.<\/p>\n","protected":false},"excerpt":{"rendered":"<p>Pulsera de plata hecha a mano con un mapa de Guatemala.<\/p>\n","protected":false},"featured_media":99279,"comment_status":"open","ping_status":"closed","template":"","meta":{"_et_pb_use_builder":"","_et_pb_old_content":"","_et_gb_content_width":""},"product_brand":[],"product_cat":[1446],"product_tag":[],"class_list":{"0":"post-96321","1":"product","2":"type-product","3":"status-publish","4":"has-post-thumbnail","6":"product_cat-otras-joyas-mapas","7":"pa_color-sand","8":"pa_color-black-es","9":"pa_color-pink","11":"first","12":"instock","13":"taxable","14":"shipping-taxable","15":"purchasable","16":"product-type-variable"},"exclude_global_add_ons":[],"addons":[],"jetpack_sharing_enabled":true,"_links":{"self":[{"href":"https:\/\/africandreamland.com\/es\/wp-json\/wp\/v2\/product\/96321","targetHints":{"allow":["GET"]}}],"collection":[{"href":"https:\/\/africandreamland.com\/es\/wp-json\/wp\/v2\/product"}],"about":[{"href":"https:\/\/africandreamland.com\/es\/wp-json\/wp\/v2\/types\/product"}],"replies":[{"embeddable":true,"href":"https:\/\/africandreamland.com\/es\/wp-json\/wp\/v2\/comments?post=96321"}],"wp:featuredmedia":[{"embeddable":true,"href":"https:\/\/africandreamland.com\/es\/wp-json\/wp\/v2\/media\/99279"}],"wp:attachment":[{"href":"https:\/\/africandreamland.com\/es\/wp-json\/wp\/v2\/media?parent=96321"}],"wp:term":[{"taxonomy":"product_brand","embeddable":true,"href":"https:\/\/africandreamland.com\/es\/wp-json\/wp\/v2\/product_brand?post=96321"},{"taxonomy":"product_cat","embeddable":true,"href":"https:\/\/africandreamland.com\/es\/wp-json\/wp\/v2\/product_cat?post=96321"},{"taxonomy":"product_tag","embeddable":true,"href":"https:\/\/africandreamland.com\/es\/wp-json\/wp\/v2\/product_tag?post=96321"}],"curies":[{"name":"wp","href":"https:\/\/api.w.org\/{rel}","templated":true}]}}