{"id":96402,"date":"2024-10-22T12:41:08","date_gmt":"2024-10-22T10:41:08","guid":{"rendered":"https:\/\/africandreamland.com\/?post_type=product&#038;p=96402"},"modified":"2024-10-22T13:04:54","modified_gmt":"2024-10-22T11:04:54","slug":"reloj-de-enfermera-personalizado","status":"publish","type":"product","link":"https:\/\/africandreamland.com\/es\/reloj-de-enfermera-personalizado\/","title":{"rendered":"Reloj de enfermera personalizado"},"content":{"rendered":"<p>Reloj de enfermera personalizado en una caja de regalo kraft con un Regalo Extra Gratis. Este reloj de enfermera personalizado es el regalo perfecto para estas encantadoras enfermeras.<br \/>\n\u00a1Tambi\u00e9n es personalizable con su nombre o palabra y s\u00edmbolos que se ver\u00e1 tan bonito colgando!<\/p>\n<p>\u2728 C\u00d3MO HACER EL PEDIDO<\/p>\n<p>Para recibir tu Reloj de Enfermera Personalizado en tu casa, solo necesitas: 1. Elegir el color que prefieras en las opciones.<br \/>\n2. Escribe el nombre, la fuente y los s\u00edmbolos si lo desea en el cuadro de personalizaci\u00f3n.<\/p>\n<p>\u00a1Y eso es todo!<br \/>\n\u00a1Estar\u00e1s lista para recibir tu reloj personalizado, personalizado especialmente para ti!<\/p>\n<p>\u2728 QU\u00c9 RECIBIR\u00c1S<\/p>\n<p>Tu reloj llegar\u00e1 bellamente envuelto para regalo, con un regalo extra para ti o para quien quieras.<\/p>\n<p>\u2728PREGUNTAS FRECUENTES<\/p>\n<p>TAMA\u00d1O DEL RELOJ: 2,5 CM ,1 PULGADA APROXIMADAMENTE. MATERIALES:<br \/>\nAcero inoxidable.<br \/>\nGrabado con l\u00e1ser.<\/p>\n","protected":false},"excerpt":{"rendered":"<p>Reloj de bolsillo para enfermera.<\/p>\n","protected":false},"featured_media":99321,"comment_status":"closed","ping_status":"closed","template":"","meta":{"_et_pb_use_builder":"","_et_pb_old_content":"","_et_gb_content_width":""},"product_brand":[],"product_cat":[2248,2201],"product_tag":[],"class_list":{"0":"post-96402","1":"product","2":"type-product","3":"status-publish","4":"has-post-thumbnail","6":"product_cat-fs-poster-dissabte-diumenge-plata","7":"product_cat-regalos-para-enfermeras","8":"pa_color-acero","9":"pa_color-gold-es","11":"first","12":"instock","13":"taxable","14":"shipping-taxable","15":"purchasable","16":"product-type-variable"},"exclude_global_add_ons":false,"addons":[{"name":"Tu texto aqu\u00ed","type":"custom_text","position":0,"required":false,"title_format":"label","default":"","description_enable":false,"description":null,"placeholder_enable":false,"placeholder":"","display":"select","restrictions_type":"any_text","adjust_price":false,"price":"","price_type":"flat_fee","restrictions":false,"min":"0","max":"0","options":[],"id":1707045214}],"jetpack_sharing_enabled":true,"_links":{"self":[{"href":"https:\/\/africandreamland.com\/es\/wp-json\/wp\/v2\/product\/96402","targetHints":{"allow":["GET"]}}],"collection":[{"href":"https:\/\/africandreamland.com\/es\/wp-json\/wp\/v2\/product"}],"about":[{"href":"https:\/\/africandreamland.com\/es\/wp-json\/wp\/v2\/types\/product"}],"replies":[{"embeddable":true,"href":"https:\/\/africandreamland.com\/es\/wp-json\/wp\/v2\/comments?post=96402"}],"wp:featuredmedia":[{"embeddable":true,"href":"https:\/\/africandreamland.com\/es\/wp-json\/wp\/v2\/media\/99321"}],"wp:attachment":[{"href":"https:\/\/africandreamland.com\/es\/wp-json\/wp\/v2\/media?parent=96402"}],"wp:term":[{"taxonomy":"product_brand","embeddable":true,"href":"https:\/\/africandreamland.com\/es\/wp-json\/wp\/v2\/product_brand?post=96402"},{"taxonomy":"product_cat","embeddable":true,"href":"https:\/\/africandreamland.com\/es\/wp-json\/wp\/v2\/product_cat?post=96402"},{"taxonomy":"product_tag","embeddable":true,"href":"https:\/\/africandreamland.com\/es\/wp-json\/wp\/v2\/product_tag?post=96402"}],"curies":[{"name":"wp","href":"https:\/\/api.w.org\/{rel}","templated":true}]}}