{"id":96744,"date":"2025-04-12T19:31:31","date_gmt":"2025-04-12T17:31:31","guid":{"rendered":"https:\/\/africandreamland.com\/personalized-africa-map-shop\/sin%20categor\u00c3\u00ada\/cork-and-wax-fabric-earrings\/"},"modified":"2025-04-12T20:05:04","modified_gmt":"2025-04-12T18:05:04","slug":"cork-and-wax-fabric-earrings","status":"publish","type":"product","link":"https:\/\/africandreamland.com\/es\/product\/cork-and-wax-fabric-earrings\/","title":{"rendered":"Pendientes de corcho y tela encerada &#8211; \u00c2\u00a1\u00c3\u0161ltima unidad!"},"content":{"rendered":"<p>Pendientes de corcho y tela encerada en plata de ley 925.<\/p>\n<p>Tama\u00c3\u00b1o: 4cm aproximadamente.<\/p>\n<p>\u00c2\u00a1\u00c2\u00a1\u00c3\u0161ltima unidad!! Con esto se cierra el stock de este modelo.<\/p>\n<p>Si eliges diferentes piezas de la secci\u00c3\u00b3n de \u00c3\u00baltimas unidades, puedes ahorrarte el env\u00c3\u00ado de las siguientes.<\/p>\n","protected":false},"excerpt":{"rendered":"<p>Pendientes de corcho y tela encerada en plata de ley 925. Tama\u00c3\u00b1o: 4cm aproximadamente. \u00c2\u00a1\u00c2\u00a1\u00c3\u0161ltima unidad!! Con esto se cierra el stock de este modelo. Si eliges diferentes piezas de la secci\u00c3\u00b3n de \u00c3\u00baltimas unidades, puedes ahorrarte el env\u00c3\u00ado de las siguientes.<\/p>\n","protected":false},"featured_media":96728,"comment_status":"open","ping_status":"closed","template":"","meta":{"_et_pb_use_builder":"","_et_pb_old_content":"","_et_gb_content_width":""},"product_brand":[],"product_cat":[2208],"product_tag":[],"class_list":{"0":"post-96744","1":"product","2":"type-product","3":"status-publish","4":"has-post-thumbnail","6":"product_cat-ultimas-unidades","8":"first","9":"instock","10":"sale","11":"taxable","12":"shipping-taxable","13":"purchasable","14":"product-type-simple"},"exclude_global_add_ons":[],"addons":[],"jetpack_sharing_enabled":true,"_links":{"self":[{"href":"https:\/\/africandreamland.com\/es\/wp-json\/wp\/v2\/product\/96744","targetHints":{"allow":["GET"]}}],"collection":[{"href":"https:\/\/africandreamland.com\/es\/wp-json\/wp\/v2\/product"}],"about":[{"href":"https:\/\/africandreamland.com\/es\/wp-json\/wp\/v2\/types\/product"}],"replies":[{"embeddable":true,"href":"https:\/\/africandreamland.com\/es\/wp-json\/wp\/v2\/comments?post=96744"}],"wp:featuredmedia":[{"embeddable":true,"href":"https:\/\/africandreamland.com\/es\/wp-json\/wp\/v2\/media\/96728"}],"wp:attachment":[{"href":"https:\/\/africandreamland.com\/es\/wp-json\/wp\/v2\/media?parent=96744"}],"wp:term":[{"taxonomy":"product_brand","embeddable":true,"href":"https:\/\/africandreamland.com\/es\/wp-json\/wp\/v2\/product_brand?post=96744"},{"taxonomy":"product_cat","embeddable":true,"href":"https:\/\/africandreamland.com\/es\/wp-json\/wp\/v2\/product_cat?post=96744"},{"taxonomy":"product_tag","embeddable":true,"href":"https:\/\/africandreamland.com\/es\/wp-json\/wp\/v2\/product_tag?post=96744"}],"curies":[{"name":"wp","href":"https:\/\/api.w.org\/{rel}","templated":true}]}}