{"id":96760,"date":"2025-04-12T19:56:18","date_gmt":"2025-04-12T17:56:18","guid":{"rendered":"https:\/\/africandreamland.com\/?post_type=product&#038;p=96760"},"modified":"2025-04-12T20:03:15","modified_gmt":"2025-04-12T18:03:15","slug":"vegan-leather-feather-earrings","status":"publish","type":"product","link":"https:\/\/africandreamland.com\/es\/vegan-leather-feather-earrings\/","title":{"rendered":"Pendientes de Plumas de Cuero Vegano &#8211; \u00a1\u00daltima unidad!"},"content":{"rendered":"<p>Pendientes de Plumas de Cuero Vegano en plata de ley.<\/p>\n<p>Tama\u00f1o: aproximadamente: 7 cm.<\/p>\n<p>\u00a1\u00a1\u00daltima unidad!! Con esto se cierra el stock de este modelo.<\/p>\n<p>Si eliges diferentes piezas de la secci\u00f3n de \u00faltimas unidades, puedes ahorrarte el env\u00edo de las siguientes.<\/p>\n","protected":false},"excerpt":{"rendered":"<p>Pendientes de Plumas de Cuero Vegano en plata de ley. Tama\u00f1o: aproximadamente: 7 cm. \u00a1\u00a1\u00daltima unidad!! Con esto se cierra el stock de este modelo. Si eliges diferentes piezas de la secci\u00f3n de \u00faltimas unidades, puedes ahorrarte el env\u00edo de las siguientes.<\/p>\n","protected":false},"featured_media":96704,"comment_status":"open","ping_status":"closed","template":"","meta":{"_et_pb_use_builder":"","_et_pb_old_content":"","_et_gb_content_width":""},"product_brand":[],"product_cat":[2208],"product_tag":[],"class_list":{"0":"post-96760","1":"product","2":"type-product","3":"status-publish","4":"has-post-thumbnail","6":"product_cat-ultimas-unidades","8":"first","9":"instock","10":"sale","11":"taxable","12":"shipping-taxable","13":"purchasable","14":"product-type-simple"},"exclude_global_add_ons":[],"addons":[],"jetpack_sharing_enabled":true,"_links":{"self":[{"href":"https:\/\/africandreamland.com\/es\/wp-json\/wp\/v2\/product\/96760","targetHints":{"allow":["GET"]}}],"collection":[{"href":"https:\/\/africandreamland.com\/es\/wp-json\/wp\/v2\/product"}],"about":[{"href":"https:\/\/africandreamland.com\/es\/wp-json\/wp\/v2\/types\/product"}],"replies":[{"embeddable":true,"href":"https:\/\/africandreamland.com\/es\/wp-json\/wp\/v2\/comments?post=96760"}],"wp:featuredmedia":[{"embeddable":true,"href":"https:\/\/africandreamland.com\/es\/wp-json\/wp\/v2\/media\/96704"}],"wp:attachment":[{"href":"https:\/\/africandreamland.com\/es\/wp-json\/wp\/v2\/media?parent=96760"}],"wp:term":[{"taxonomy":"product_brand","embeddable":true,"href":"https:\/\/africandreamland.com\/es\/wp-json\/wp\/v2\/product_brand?post=96760"},{"taxonomy":"product_cat","embeddable":true,"href":"https:\/\/africandreamland.com\/es\/wp-json\/wp\/v2\/product_cat?post=96760"},{"taxonomy":"product_tag","embeddable":true,"href":"https:\/\/africandreamland.com\/es\/wp-json\/wp\/v2\/product_tag?post=96760"}],"curies":[{"name":"wp","href":"https:\/\/api.w.org\/{rel}","templated":true}]}}