{"id":97051,"date":"2025-05-18T12:34:12","date_gmt":"2025-05-18T10:34:12","guid":{"rendered":"https:\/\/africandreamland.com\/?post_type=product&#038;p=97051"},"modified":"2025-11-13T14:04:39","modified_gmt":"2025-11-13T13:04:39","slug":"collar-de-cristal-marino-azul","status":"publish","type":"product","link":"https:\/\/africandreamland.com\/es\/collar-de-cristal-marino-azul\/","title":{"rendered":"Collar de cristal marino azul"},"content":{"rendered":"<p>Abraza la elegancia del oc\u00e9ano con nuestro <em data-start=\"318\" data-end=\"349\">collar de cristal marino azul<\/em>.<\/p>\n<p>Cada pieza cuenta con una aut\u00e9ntica joya de cristal marino azul arrojada por el mar, cuidadosamente seleccionada a mano y engastada en un marco de bisel minimalista que realza su belleza natural.<\/p>\n<p>Suspendido de una delicada cadena de plata de ley, este collar es un recordatorio atemporal de la serenidad y la fuerza del mar.<\/p>\n<p data-start=\"1029\" data-end=\"1165\">Este collar, que se lleva cerca del coraz\u00f3n, captura el esp\u00edritu calmante de las olas del mar y la pasi\u00f3n por los viajes costeros.<\/p>\n<p data-start=\"1168\" data-end=\"1304\">No hay dos piezas de vidrio marino iguales. Cada collar es un tesoro \u00fanico moldeado por el tiempo y la marea.<\/p>\n<p data-start=\"1307\" data-end=\"1429\">Elaborada con amor con vidrio reciclado, esta prenda apoya las elecciones de moda sostenible.<\/p>\n<p data-start=\"1432\" data-end=\"1534\">Ideal para cumplea\u00f1os, aniversarios, o simplemente para celebrar el amor por el mar.<\/p>\n<p>\u2728 C\u00d3MO HACER EL PEDIDO<\/p>\n<p>Para recibir su <em data-start=\"318\" data-end=\"349\">collar de cristal marino azul<\/em> en su hogar, solo necesita poner su colgante en el carrito y pagarlo.<\/p>\n<p>\u00a1Y eso es todo!<br \/>\n\u00a1Estar\u00e1s lista para recibir tu colgante, hecho a mano especialmente para ti!<\/p>\n<p>\u2728 QU\u00c9 RECIBIR\u00c1S<\/p>\n<p>Tu colgante llegar\u00e1 bellamente envuelto para regalo, con un regalo extra para ti o quien quieras.<\/p>\n<p>\u2728PREGUNTAS FRECUENTES<\/p>\n<p>TAMA\u00d1O DEL COLGANTE: 1 cm.<\/p>\n<p>ACABADO: Pulido.<\/p>\n<p>CADENA: Cadena de bolitas de plata de ley de 18&#8243; &#8211; 45cm.<\/p>\n<p>MATERIALES:<br \/>\nVidrio de mar.<\/p>\n<p>925 Plata de ley<\/p>\n<p>&nbsp;<\/p>\n<p>\u2728TEN EN CUENTA:<br \/>\nTIEMPO DE PROCESAMIENTO: 1-3 d\u00edas.<\/p>\n<p>ENV\u00cdO:<br \/>\nSu joya ser\u00e1 enviada por env\u00edo urgente en 3-5 d\u00edas. En Espa\u00f1a 24-48 horas.<\/p>\n<p>SELLO 925:<br \/>\nTodas mis joyas de plata (incluidas las joyas ba\u00f1adas en oro) est\u00e1n estampadas 925 en la parte posterior o en el cierre, esto no se puede cambiar.<\/p>\n","protected":false},"excerpt":{"rendered":"<p data-start=\"1536\" data-end=\"1882\">Este collar no es solo una joya, es una historia. Una historia de naturaleza, de renovaci\u00f3n, de belleza encontrada en lugares inesperados. Ya sea que sea un amante del mar, un so\u00f1ador o alguien que aprecia los accesorios significativos, el <em data-start=\"1780\" data-end=\"1811\">collar de cristal marino azul<\/em> marino se convertir\u00e1 en su recordatorio diario de paz, fuerza e individualidad.<\/p>\n","protected":false},"featured_media":97090,"comment_status":"open","ping_status":"closed","template":"","meta":{"_et_pb_use_builder":"","_et_pb_old_content":"","_et_gb_content_width":""},"product_brand":[],"product_cat":[2223],"product_tag":[],"class_list":{"0":"post-97051","1":"product","2":"type-product","3":"status-publish","4":"has-post-thumbnail","6":"product_cat-joyas-del-mar","8":"first","9":"outofstock","10":"taxable","11":"shipping-taxable","12":"purchasable","13":"product-type-simple"},"exclude_global_add_ons":[],"addons":[],"jetpack_sharing_enabled":true,"_links":{"self":[{"href":"https:\/\/africandreamland.com\/es\/wp-json\/wp\/v2\/product\/97051","targetHints":{"allow":["GET"]}}],"collection":[{"href":"https:\/\/africandreamland.com\/es\/wp-json\/wp\/v2\/product"}],"about":[{"href":"https:\/\/africandreamland.com\/es\/wp-json\/wp\/v2\/types\/product"}],"replies":[{"embeddable":true,"href":"https:\/\/africandreamland.com\/es\/wp-json\/wp\/v2\/comments?post=97051"}],"wp:featuredmedia":[{"embeddable":true,"href":"https:\/\/africandreamland.com\/es\/wp-json\/wp\/v2\/media\/97090"}],"wp:attachment":[{"href":"https:\/\/africandreamland.com\/es\/wp-json\/wp\/v2\/media?parent=97051"}],"wp:term":[{"taxonomy":"product_brand","embeddable":true,"href":"https:\/\/africandreamland.com\/es\/wp-json\/wp\/v2\/product_brand?post=97051"},{"taxonomy":"product_cat","embeddable":true,"href":"https:\/\/africandreamland.com\/es\/wp-json\/wp\/v2\/product_cat?post=97051"},{"taxonomy":"product_tag","embeddable":true,"href":"https:\/\/africandreamland.com\/es\/wp-json\/wp\/v2\/product_tag?post=97051"}],"curies":[{"name":"wp","href":"https:\/\/api.w.org\/{rel}","templated":true}]}}