{"id":97493,"date":"2020-04-07T16:39:31","date_gmt":"2020-04-07T14:39:31","guid":{"rendered":"https:\/\/africandreamland.com\/pendientes-mapa-africa-dorados\/"},"modified":"2025-06-24T14:23:15","modified_gmt":"2025-06-24T12:23:15","slug":"pendientes-mapa-africa-dorados","status":"publish","type":"product","link":"https:\/\/africandreamland.com\/es\/pendientes-mapa-africa-dorados\/","title":{"rendered":"Pendientes Mapa \u00c1frica Dorados"},"content":{"rendered":"<p>Pendientes Mapa \u00c1frica Dorados en una caja de regalo kraft con un Regalo Extra Gratis.<\/p>\n<p>Si eres un amante de \u00c1frica que busca sentirse cerca de tu tierra o acercar \u00c1frica a tu coraz\u00f3n, det\u00e9n la b\u00fasqueda, esto es exactamente lo que estabas buscando\ud83e\udd0d.<\/p>\n<h2>Estos Pendientes Mapa \u00c1frica Dorados te ayudar\u00e1n a sentir el mapa de \u00c1frica cerca de ti adem\u00e1s de hacerte brillar ante los dem\u00e1s por su dise\u00f1o y acabados texturizados.<\/h2>\n<p>\u2728 C\u00d3MO HACER EL PEDIDO<\/p>\n<p>Para recibir tus Pendientes \u00c1frica en tu casa, solo necesitas:<\/p>\n<p>Elija en el cuadro de acabado pulido o rallado (la \u00faltima imagen muestra esto).<br \/>\n\u00a1Y eso es todo!<br \/>\n\u00a1Estar\u00e1s lista para recibir tus pendientes, hechos a mano especialmente para ti!<\/p>\n<p>\u2728 QU\u00c9 RECIBIR\u00c1S<\/p>\n<p>Tus pendientes llegar\u00e1n bellamente envueltos para regalo, con un regalo extra para ti o para quien quieras.<\/p>\n<p>\u2728PREGUNTAS FRECUENTES<\/p>\n<p>MAPA DE \u00c1FRICA TAMA\u00d1O: 1 cm. 0,8 mm de grosor<\/p>\n<p>GANCHO:<br \/>\nPlata de ley 925 ba\u00f1ada en oro.<\/p>\n<p>MATERIALES:<br \/>\nPlata de Ley 925 ba\u00f1ada en oro de 18kt.<\/p>\n<p>ESTA JOYA NO SE PUEDE PERSONALIZAR.<\/p>\n","protected":false},"excerpt":{"rendered":"<p>Pendientes \u00c1frica de plata de ley ba\u00f1ados en oro.<\/p>\n","protected":false},"featured_media":99342,"comment_status":"open","ping_status":"closed","template":"","meta":{"_et_pb_use_builder":"","_et_pb_old_content":"","_et_gb_content_width":""},"product_brand":[],"product_cat":[1442],"product_tag":[],"class_list":{"0":"post-97493","1":"product","2":"type-product","3":"status-publish","4":"has-post-thumbnail","6":"product_cat-pendientes-mapa-africa","8":"first","9":"instock","10":"taxable","11":"shipping-taxable","12":"purchasable","13":"product-type-variable"},"exclude_global_add_ons":[],"addons":[],"jetpack_sharing_enabled":true,"_links":{"self":[{"href":"https:\/\/africandreamland.com\/es\/wp-json\/wp\/v2\/product\/97493","targetHints":{"allow":["GET"]}}],"collection":[{"href":"https:\/\/africandreamland.com\/es\/wp-json\/wp\/v2\/product"}],"about":[{"href":"https:\/\/africandreamland.com\/es\/wp-json\/wp\/v2\/types\/product"}],"replies":[{"embeddable":true,"href":"https:\/\/africandreamland.com\/es\/wp-json\/wp\/v2\/comments?post=97493"}],"wp:featuredmedia":[{"embeddable":true,"href":"https:\/\/africandreamland.com\/es\/wp-json\/wp\/v2\/media\/99342"}],"wp:attachment":[{"href":"https:\/\/africandreamland.com\/es\/wp-json\/wp\/v2\/media?parent=97493"}],"wp:term":[{"taxonomy":"product_brand","embeddable":true,"href":"https:\/\/africandreamland.com\/es\/wp-json\/wp\/v2\/product_brand?post=97493"},{"taxonomy":"product_cat","embeddable":true,"href":"https:\/\/africandreamland.com\/es\/wp-json\/wp\/v2\/product_cat?post=97493"},{"taxonomy":"product_tag","embeddable":true,"href":"https:\/\/africandreamland.com\/es\/wp-json\/wp\/v2\/product_tag?post=97493"}],"curies":[{"name":"wp","href":"https:\/\/api.w.org\/{rel}","templated":true}]}}