{"id":97510,"date":"2020-04-14T05:10:34","date_gmt":"2020-04-14T03:10:34","guid":{"rendered":"https:\/\/africandreamland.com\/gemelos-africa\/"},"modified":"2025-06-24T19:18:45","modified_gmt":"2025-06-24T17:18:45","slug":"gemelos-africa","status":"publish","type":"product","link":"https:\/\/africandreamland.com\/es\/gemelos-africa\/","title":{"rendered":"Gemelos \u00c1frica"},"content":{"rendered":"<p>Gemelos \u00c1frica en una caja de regalo kraft con un regalo extra gratis.<\/p>\n<p>Si eres un amante de \u00c1frica que busca sentirse cerca de tu tierra o acercar \u00c1frica a tu coraz\u00f3n, det\u00e9n la b\u00fasqueda, esto es exactamente lo que estabas buscando\ud83e\udd0d.<\/p>\n<p>&nbsp;<\/p>\n<h2>Estos Gemelos \u00c1frica Chapados en Oro de 18kt te ayudar\u00e1n a sentir el mapa de \u00c1frica cerca de ti adem\u00e1s de hacerte brillar ante los dem\u00e1s por su dise\u00f1o y acabados dorados.<\/h2>\n<p>&nbsp;<\/p>\n<p>\u2728 C\u00d3MO HACER EL PEDIDO<\/p>\n<p>Para recibir tus Gemelos \u00c1frica de plata de ley chapados en oro de 18 quilates en tu casa, solo necesitas:<\/p>\n<p>Seleccione el acabado en las opciones. Plata o chapado en oro, el oro es el m\u00e1s elegido. <\/p>\n<p>\u00a1Y eso es todo!<br \/>\n\u00a1Estar\u00e1s lista para recibir tu colgante, hecho a mano especialmente para ti!<\/p>\n<p>\u2728 QU\u00c9 RECIBIR\u00c1S<\/p>\n<p>Tus Gemelos llegar\u00e1n bellamente envueltos para regalo, con un regalo extra para ti o para quien quieras.<\/p>\n<p>\u2728PREGUNTAS FRECUENTES<\/p>\n<p>TAMA\u00d1O \u00c1FRICA: 0,6 pulgadas (1,5 cm) x 0,8 pulgadas (2 cm).<\/p>\n<p>MATERIALES:<br \/>\nPlata de Ley 925 (3 micras) ba\u00f1ada en Oro de 18kt o Plata de Ley 925.<\/p>\n","protected":false},"excerpt":{"rendered":"<p>Gemelos \u00c1frica en plata 925.<\/p>\n","protected":false},"featured_media":99330,"comment_status":"open","ping_status":"closed","template":"","meta":{"_et_pb_use_builder":"","_et_pb_old_content":"","_et_gb_content_width":""},"product_brand":[],"product_cat":[1445],"product_tag":[],"class_list":{"0":"post-97510","1":"product","2":"type-product","3":"status-publish","4":"has-post-thumbnail","6":"product_cat-otras-joyas-mapa-africa","7":"pa_color-gold-es","8":"pa_color-silver-es","10":"first","11":"instock","12":"taxable","13":"shipping-taxable","14":"purchasable","15":"product-type-variable"},"exclude_global_add_ons":[],"addons":[],"jetpack_sharing_enabled":true,"_links":{"self":[{"href":"https:\/\/africandreamland.com\/es\/wp-json\/wp\/v2\/product\/97510","targetHints":{"allow":["GET"]}}],"collection":[{"href":"https:\/\/africandreamland.com\/es\/wp-json\/wp\/v2\/product"}],"about":[{"href":"https:\/\/africandreamland.com\/es\/wp-json\/wp\/v2\/types\/product"}],"replies":[{"embeddable":true,"href":"https:\/\/africandreamland.com\/es\/wp-json\/wp\/v2\/comments?post=97510"}],"wp:featuredmedia":[{"embeddable":true,"href":"https:\/\/africandreamland.com\/es\/wp-json\/wp\/v2\/media\/99330"}],"wp:attachment":[{"href":"https:\/\/africandreamland.com\/es\/wp-json\/wp\/v2\/media?parent=97510"}],"wp:term":[{"taxonomy":"product_brand","embeddable":true,"href":"https:\/\/africandreamland.com\/es\/wp-json\/wp\/v2\/product_brand?post=97510"},{"taxonomy":"product_cat","embeddable":true,"href":"https:\/\/africandreamland.com\/es\/wp-json\/wp\/v2\/product_cat?post=97510"},{"taxonomy":"product_tag","embeddable":true,"href":"https:\/\/africandreamland.com\/es\/wp-json\/wp\/v2\/product_tag?post=97510"}],"curies":[{"name":"wp","href":"https:\/\/api.w.org\/{rel}","templated":true}]}}