{"id":98100,"date":"2020-01-14T12:38:58","date_gmt":"2020-01-14T11:38:58","guid":{"rendered":"https:\/\/africandreamland.com\/collar-euskal-herria\/"},"modified":"2020-01-14T12:38:58","modified_gmt":"2020-01-14T11:38:58","slug":"collar-euskal-herria","status":"publish","type":"product","link":"https:\/\/africandreamland.com\/es\/collar-euskal-herria\/","title":{"rendered":"Collar Euskal Herria"},"content":{"rendered":"<p class=\"p1\"><span class=\"s1\">Luce tus ra\u00edces con orgullo con nuestro <\/span><span class=\"s2\">Collar Euskal Herria<\/span><span class=\"s1\">, con un colgante finamente hecho a mano con la forma del Pa\u00eds Vasco. Hecho de s\u00f3lido   <\/span><span class=\"s3\">Plata de ley 925<\/span><span class=\"s1\">, esta elegante pieza es un homenaje a la identidad, la cultura y la conexi\u00f3n.<\/span><\/p>\n<h2 class=\"p1\"><span class=\"s1\">El Collar Euskal Herria cuelga de un <\/span><span class=\"s3\">cord\u00f3n de cuero genuino<\/span><span class=\"s1\">, disponible en tres longitudes diferentes, lo que lo hace perfecto para el d\u00eda a d\u00eda o como un regalo \u00fanico para cualquiera que lleve Euskal Herria en su coraz\u00f3n.<\/span><\/h2>\n<ul>\n<li>\n<p class=\"p1\"><span class=\"s1\">Dise\u00f1o:<\/span><span class=\"s2\"> Mapa de Euskal Herria (Gran Pa\u00eds Vasco)<\/span><\/p>\n<\/li>\n<li>\n<p class=\"p1\"><span class=\"s1\">Material:<\/span><span class=\"s2\"> Plata de ley maciza 925<\/span><\/p>\n<\/li>\n<li>\n<p class=\"p1\"><span class=\"s1\">Tama\u00f1o del colgante:<\/span><span class=\"s2\">  Aprox. 2 cm <\/span><\/p>\n<\/li>\n<li>\n<p class=\"p1\"><span class=\"s1\">Cord\u00f3n:<\/span><span class=\"s2\"> Cuero genuino, disponible en 40 cm, 45 cm y 50 cm<\/span><\/p>\n<\/li>\n<li>\n<p class=\"p1\"><span class=\"s1\">Cierre:<\/span><span class=\"s2\"> Cierre de seguridad para un uso diario c\u00f3modo<\/span><\/p>\n<\/li>\n<li>\n<p class=\"p1\"><span class=\"s1\">Hecho a mano:<\/span><span class=\"s2\"> Cuidadosamente elaborado por h\u00e1biles artesanos<\/span><\/p>\n<\/li>\n<\/ul>\n<p class=\"p1\"><span class=\"s1\">El <\/span><span class=\"s2\">collar Euskal Herria<\/span><span class=\"s1\">  es m\u00e1s que una pieza de joyer\u00eda, es un poderoso s\u00edmbolo de pertenencia y orgullo cultural. Tanto si eres del Pa\u00eds Vasco, como si formas parte de la di\u00e1spora o simplemente te sientes atra\u00eddo por su rico patrimonio, este colgante de plata minimalista te permite llevar Euskal Herria cerca de tu coraz\u00f3n, todos los d\u00edas. <\/span><\/p>\n","protected":false},"excerpt":{"rendered":"<p>Collar Euskalherria de Plata<\/p>\n","protected":false},"featured_media":99146,"comment_status":"open","ping_status":"closed","template":"","meta":{"_et_pb_use_builder":"","_et_pb_old_content":"","_et_gb_content_width":""},"product_brand":[],"product_cat":[1446],"product_tag":[],"class_list":{"0":"post-98100","1":"product","2":"type-product","3":"status-publish","4":"has-post-thumbnail","6":"product_cat-otras-joyas-mapas","8":"first","9":"instock","10":"taxable","11":"shipping-taxable","12":"purchasable","13":"product-type-variable"},"exclude_global_add_ons":[],"addons":[],"jetpack_sharing_enabled":true,"_links":{"self":[{"href":"https:\/\/africandreamland.com\/es\/wp-json\/wp\/v2\/product\/98100","targetHints":{"allow":["GET"]}}],"collection":[{"href":"https:\/\/africandreamland.com\/es\/wp-json\/wp\/v2\/product"}],"about":[{"href":"https:\/\/africandreamland.com\/es\/wp-json\/wp\/v2\/types\/product"}],"replies":[{"embeddable":true,"href":"https:\/\/africandreamland.com\/es\/wp-json\/wp\/v2\/comments?post=98100"}],"wp:featuredmedia":[{"embeddable":true,"href":"https:\/\/africandreamland.com\/es\/wp-json\/wp\/v2\/media\/99146"}],"wp:attachment":[{"href":"https:\/\/africandreamland.com\/es\/wp-json\/wp\/v2\/media?parent=98100"}],"wp:term":[{"taxonomy":"product_brand","embeddable":true,"href":"https:\/\/africandreamland.com\/es\/wp-json\/wp\/v2\/product_brand?post=98100"},{"taxonomy":"product_cat","embeddable":true,"href":"https:\/\/africandreamland.com\/es\/wp-json\/wp\/v2\/product_cat?post=98100"},{"taxonomy":"product_tag","embeddable":true,"href":"https:\/\/africandreamland.com\/es\/wp-json\/wp\/v2\/product_tag?post=98100"}],"curies":[{"name":"wp","href":"https:\/\/api.w.org\/{rel}","templated":true}]}}