{"id":98122,"date":"2020-04-08T19:51:11","date_gmt":"2020-04-08T17:51:11","guid":{"rendered":"https:\/\/africandreamland.com\/llavero-mapa-de-africa\/"},"modified":"2020-04-08T19:51:11","modified_gmt":"2020-04-08T17:51:11","slug":"llavero-mapa-de-africa","status":"publish","type":"product","link":"https:\/\/africandreamland.com\/es\/llavero-mapa-de-africa\/","title":{"rendered":"Llavero Mapa de \u00c1frica"},"content":{"rendered":"<p class=\"p1\"><span class=\"s2\">Llavero Mapa de \u00c1frica &#8211; Cobre hecho a mano con recorte de coraz\u00f3n sure\u00f1o<\/span><\/p>\n<h2 class=\"p1\"><span class=\"s1\">Lleva \u00c1frica cerca, todos los d\u00edas, con nuestro<\/span><span class=\"s4\"> Llavero Mapa de \u00c1frica<\/span><span class=\"s1\">, hecho a mano en cobre macizo y dise\u00f1ado con un peque\u00f1o recorte de coraz\u00f3n colocado con cari\u00f1o en la <\/span><span class=\"s2\">parte sur del continente<\/span><span class=\"s1\">. <\/span> <\/h2>\n<p class=\"p1\"><span class=\"s1\">Con unas medidas <\/span> de <span class=\"s2\">3 x 2,5 cm<\/span><span class=\"s1\">, esta pieza simb\u00f3lica y duradera representa el amor, la identidad y la conexi\u00f3n, ya sea en el hogar, la herencia o un lugar que contenga tu coraz\u00f3n.<\/span><\/p>\n<ul>\n<li>\n<p class=\"p1\"><span class=\"s1\">Dise\u00f1o:<\/span><span class=\"s2\"> silueta de mapa de \u00c1frica con recorte de coraz\u00f3n en el sur<\/span><\/p>\n<\/li>\n<li>\n<p class=\"p1\"><span class=\"s1\">Material:<\/span><span class=\"s2\"> 100% cobre macizo con un acabado natural de tonos c\u00e1lidos<\/span><\/p>\n<\/li>\n<li>\n<p class=\"p1\"><span class=\"s1\">Tama\u00f1o:<\/span><span class=\"s2\">  Aprox. 3 cm x 2,5 cm <\/span><\/p>\n<\/li>\n<li>\n<p class=\"p1\"><span class=\"s1\">Llavero:<\/span><span class=\"s2\"> Llavero de metal resistente y seguro incluido<\/span><\/p>\n<\/li>\n<li>\n<p class=\"p1\"><span class=\"s1\">Hecho a mano:<\/span><span class=\"s2\"> Cada llavero est\u00e1 cortado y moldeado a mano de forma \u00fanica<\/span><\/p>\n<\/li>\n<\/ul>\n<p class=\"p1\"><span class=\"s1\">El <\/span><span class=\"s4\">llavero del mapa de \u00c1frica<\/span><span class=\"s1\">  es m\u00e1s que un simple accesorio, es un s\u00edmbolo de d\u00f3nde pertenece tu coraz\u00f3n. Tanto si eres del sur de \u00c1frica, como si tienes recuerdos inolvidables all\u00ed o simplemente sientes una profunda conexi\u00f3n con el continente, esta pieza hecha a mano te permite llevar esa sensaci\u00f3n a donde quiera que vayas. Con el tiempo, el cobre desarrolla una p\u00e1tina \u00fanica, volvi\u00e9ndose a\u00fan m\u00e1s hermoso con la edad, al igual que su conexi\u00f3n con \u00c1frica.  <\/span><\/p>\n","protected":false},"excerpt":{"rendered":"<p>Llavero Mapa de \u00c1frica<\/p>\n","protected":false},"featured_media":99137,"comment_status":"open","ping_status":"closed","template":"","meta":{"_et_pb_use_builder":"","_et_pb_old_content":"","_et_gb_content_width":""},"product_brand":[],"product_cat":[1445],"product_tag":[],"class_list":{"0":"post-98122","1":"product","2":"type-product","3":"status-publish","4":"has-post-thumbnail","6":"product_cat-otras-joyas-mapa-africa","8":"first","9":"instock","10":"taxable","11":"shipping-taxable","12":"purchasable","13":"product-type-simple"},"exclude_global_add_ons":[],"addons":[],"jetpack_sharing_enabled":true,"_links":{"self":[{"href":"https:\/\/africandreamland.com\/es\/wp-json\/wp\/v2\/product\/98122","targetHints":{"allow":["GET"]}}],"collection":[{"href":"https:\/\/africandreamland.com\/es\/wp-json\/wp\/v2\/product"}],"about":[{"href":"https:\/\/africandreamland.com\/es\/wp-json\/wp\/v2\/types\/product"}],"replies":[{"embeddable":true,"href":"https:\/\/africandreamland.com\/es\/wp-json\/wp\/v2\/comments?post=98122"}],"wp:featuredmedia":[{"embeddable":true,"href":"https:\/\/africandreamland.com\/es\/wp-json\/wp\/v2\/media\/99137"}],"wp:attachment":[{"href":"https:\/\/africandreamland.com\/es\/wp-json\/wp\/v2\/media?parent=98122"}],"wp:term":[{"taxonomy":"product_brand","embeddable":true,"href":"https:\/\/africandreamland.com\/es\/wp-json\/wp\/v2\/product_brand?post=98122"},{"taxonomy":"product_cat","embeddable":true,"href":"https:\/\/africandreamland.com\/es\/wp-json\/wp\/v2\/product_cat?post=98122"},{"taxonomy":"product_tag","embeddable":true,"href":"https:\/\/africandreamland.com\/es\/wp-json\/wp\/v2\/product_tag?post=98122"}],"curies":[{"name":"wp","href":"https:\/\/api.w.org\/{rel}","templated":true}]}}