{"id":98170,"date":"2025-06-30T18:53:05","date_gmt":"2025-06-30T16:53:05","guid":{"rendered":"https:\/\/africandreamland.com\/?post_type=product&#038;p=98170"},"modified":"2025-06-30T19:08:37","modified_gmt":"2025-06-30T17:08:37","slug":"anillo-de-pez","status":"publish","type":"product","link":"https:\/\/africandreamland.com\/es\/anillo-de-pez\/","title":{"rendered":"Anillo de pez"},"content":{"rendered":"<p>\ud83d\udc1f Anillo de pez minimalista &#8211; Hecho a mano en plata de ley, joyer\u00eda inspirada en el oc\u00e9ano<\/p>\n<h2>Este delicado y minimalista anillo de pez cuenta con una fina banda redonda de plata de ley de 1 mm y un peque\u00f1o dije de pez (de aproximadamente 6 mm de largo) colocado de forma segura en la parte superior. Hecho a mano en plata de ley 925, es perfecto para los amantes del oc\u00e9ano, los minimalistas o cualquier persona que aprecie las joyas \u00fanicas y delicadas.<\/h2>\n<p>Disponible en cuatro encantadores estilos de peces (A, B, C, D), puede seleccionar su dise\u00f1o preferido y tama\u00f1o de anillo en el men\u00fa desplegable antes de comprar.<\/p>\n<p>\u27a4 Detalles del anillo:<br \/>\n\u2022 Grosor de la banda: 1 mm<br \/>\n\u2022 Longitud del colgante de pez: ~6 mm<br \/>\n\u2022 Estilos disponibles: A, B, C, D (ver la imagen)<br \/>\n\u2022 Material: Plata<br \/>\nde ley 925<\/p>\n<p>\u2022 Acabado: Plata<br \/>\npulida<\/p>\n<p>\u2022 Hecho a mano con cuidado en nuestro taller<br \/>\n\u2022 Hipoalerg\u00e9nico y sin<br \/>\nn\u00edquel<\/p>\n<p>\u2022 Hecho por encargo: elija su tama\u00f1o de anillo<\/p>\n<p>Este anillo de pez plateado es un regalo significativo o una adici\u00f3n \u00fanica a su propia colecci\u00f3n de joyas. Ligero, elegante y dise\u00f1ado para el uso diario: lleva un peque\u00f1o s\u00edmbolo del mar a donde quiera que vayas.<\/p>\n<p>\ud83d\udccc Materiales<br \/>\n: Plata de ley 925 maciza: adecuada para pieles sensibles y resistente al deslustre cuando se cuida adecuadamente. Hecho a mano con amor, utilizando t\u00e9cnicas tradicionales.<\/p>\n<p>\ud83e\uddf5 Personalizaci\u00f3n Elija<br \/>\nsu tama\u00f1o de anillo y estilo de pez preferido (A, B, C o D) al agregarlo al carrito. Si no est\u00e1s seguro de tu talla de anillo, no dudes en enviarnos un mensaje, \u00a1estaremos encantados de ayudarte! Los tama\u00f1os de los anillos son de tama\u00f1o estadounidense.<\/p>\n<p>\ud83d\udc1a Regalo perfecto para:<br \/>\n\u2022 Amantes<br \/>\nde la playa<\/p>\n<p>\u2022 Minimalistas inspirados en el<br \/>\noc\u00e9ano<\/p>\n<p>\u2022 Amantes de la<br \/>\nnaturaleza y los animales<\/p>\n<p>\u2022 Aniversarios, cumplea\u00f1os, damas de honor o simplemente porque<\/p>\n<p>Tu joya llegar\u00e1 bellamente envuelta para regalo, con un regalo extra para ti o para quien quieras.<\/p>\n<p>ESTA JOYA NO SE PUEDE GRABAR.<\/p>\n","protected":false},"excerpt":{"rendered":"<p>Anillo hecho a mano<\/p>\n","protected":false},"featured_media":99248,"comment_status":"open","ping_status":"closed","template":"","meta":{"_et_pb_use_builder":"","_et_pb_old_content":"","_et_gb_content_width":""},"product_brand":[],"product_cat":[2223],"product_tag":[2204],"class_list":{"0":"post-98170","1":"product","2":"type-product","3":"status-publish","4":"has-post-thumbnail","6":"product_cat-joyas-del-mar","7":"product_tag-anillos","8":"pa_pattern-a-es","9":"pa_pattern-b-es","10":"pa_pattern-c-es","11":"pa_pattern-d-es","12":"pa_ring-size-4-es","13":"pa_ring-size-4-1-2-es","14":"pa_ring-size-5-es","15":"pa_ring-size-5-1-2-es","16":"pa_ring-size-6-es","17":"pa_ring-size-6-1-2-es","18":"pa_ring-size-7-es","19":"pa_ring-size-7-1-2-es","20":"pa_ring-size-8-es","22":"first","23":"instock","24":"taxable","25":"shipping-taxable","26":"purchasable","27":"product-type-variable"},"exclude_global_add_ons":[],"addons":[],"jetpack_sharing_enabled":true,"_links":{"self":[{"href":"https:\/\/africandreamland.com\/es\/wp-json\/wp\/v2\/product\/98170","targetHints":{"allow":["GET"]}}],"collection":[{"href":"https:\/\/africandreamland.com\/es\/wp-json\/wp\/v2\/product"}],"about":[{"href":"https:\/\/africandreamland.com\/es\/wp-json\/wp\/v2\/types\/product"}],"replies":[{"embeddable":true,"href":"https:\/\/africandreamland.com\/es\/wp-json\/wp\/v2\/comments?post=98170"}],"wp:featuredmedia":[{"embeddable":true,"href":"https:\/\/africandreamland.com\/es\/wp-json\/wp\/v2\/media\/99248"}],"wp:attachment":[{"href":"https:\/\/africandreamland.com\/es\/wp-json\/wp\/v2\/media?parent=98170"}],"wp:term":[{"taxonomy":"product_brand","embeddable":true,"href":"https:\/\/africandreamland.com\/es\/wp-json\/wp\/v2\/product_brand?post=98170"},{"taxonomy":"product_cat","embeddable":true,"href":"https:\/\/africandreamland.com\/es\/wp-json\/wp\/v2\/product_cat?post=98170"},{"taxonomy":"product_tag","embeddable":true,"href":"https:\/\/africandreamland.com\/es\/wp-json\/wp\/v2\/product_tag?post=98170"}],"curies":[{"name":"wp","href":"https:\/\/api.w.org\/{rel}","templated":true}]}}