{"id":98310,"date":"2025-07-02T11:58:37","date_gmt":"2025-07-02T09:58:37","guid":{"rendered":"https:\/\/africandreamland.com\/?post_type=product&#038;p=98310"},"modified":"2025-07-02T12:15:14","modified_gmt":"2025-07-02T10:15:14","slug":"collar-caracol-de-mar","status":"publish","type":"product","link":"https:\/\/africandreamland.com\/es\/collar-caracol-de-mar\/","title":{"rendered":"Collar caracol de mar con cristal marino azul"},"content":{"rendered":"<p data-start=\"246\" data-end=\"354\">Abraza la belleza cruda del oc\u00e9ano con nuestro Collar caracol de mar fundido en arena con gota de vidrio marino azul.<\/p>\n<h2 data-start=\"356\" data-end=\"582\">Cada colgante es una creaci\u00f3n costera \u00fanica, con un delicado Collar caracol de mar esculpido en plata de ley utilizando la antigua t\u00e9cnica de fundici\u00f3n en arena, que captura cada curva y textura natural con un realismo impresionante.<\/h2>\n<p data-start=\"584\" data-end=\"714\">De la concha plateada cuelga una peque\u00f1a gota de vidrio marino azul profundo, suavizado por las olas y seleccionado a mano por su color y car\u00e1cter.<\/p>\n<p data-start=\"716\" data-end=\"850\">Suspendido en una delicada cadena de plata de ley de 45 cm, este collar evoca la sensaci\u00f3n de las pozas de marea, el aire del oc\u00e9ano y los d\u00edas de playa descalzos.<\/p>\n<p data-start=\"852\" data-end=\"933\">Llevado cerca del coraz\u00f3n, es un recordatorio del mar salvaje y su fuerza tranquila.<\/p>\n<p data-start=\"935\" data-end=\"1064\">Como no hay dos conchas o piezas de vidrio marino iguales, cada collar es un <strong data-start=\"1010\" data-end=\"1036\">tesoro \u00fanico<\/strong>, moldeado por la naturaleza y el fuego.<\/p>\n<p data-start=\"1066\" data-end=\"1169\">Elaborada con amor e intenci\u00f3n, esta pieza combina la artesan\u00eda tradicional con un esp\u00edritu sostenible.<\/p>\n<p data-start=\"1171\" data-end=\"1278\">Un regalo significativo para cumplea\u00f1os, amantes del oc\u00e9ano, bodas en la playa o simplemente para honrar su conexi\u00f3n con el mar.<\/p>\n<p data-start=\"1285\" data-end=\"1303\"><strong>\u2728 C\u00d3MO HACER EL PEDIDO<\/strong><\/p>\n<p data-start=\"1305\" data-end=\"1407\">Para recibir su Collar caracol de plata hecho a mano, simplemente agr\u00e9guelo a su carrito y proceda al pago.<\/p>\n<p data-start=\"1409\" data-end=\"1479\">Eso es todo: tu pieza inspirada en el oc\u00e9ano pronto estar\u00e1 en camino hacia ti.<\/p>\n<p data-start=\"1486\" data-end=\"1504\"><strong>\u2728 QU\u00c9 RECIBIR\u00c1S<\/strong><\/p>\n<p data-start=\"1506\" data-end=\"1641\">Tu collar llegar\u00e1 <strong data-start=\"1532\" data-end=\"1560\">bellamente envuelto para regalo<\/strong>, listo para regalar (\u00a1o guardar!). Tambi\u00e9n incluiremos una peque\u00f1a sorpresa con su pedido.<\/p>\n<p data-start=\"1648\" data-end=\"1658\"><strong>\u2728 PREGUNTAS FRECUENTES<\/strong><\/p>\n<p data-start=\"1660\" data-end=\"1885\"><strong data-start=\"1660\" data-end=\"1677\">TAMA\u00d1O DEL COLGANTE:<\/strong> aprox. 2 cm <br data-start=\"1717\" data-end=\"1720\" \/><strong data-start=\"1720\" data-end=\"1731\">TERMINAR:<\/strong> Pulido mate org\u00e1nico<br data-start=\"1754\" data-end=\"1757\" \/><strong data-start=\"1757\" data-end=\"1767\">CADENA:<\/strong> Cadena de plata de ley de 45 cm<br data-start=\"1795\" data-end=\"1798\" \/><strong data-start=\"1798\" data-end=\"1812\">MATERIALES:<\/strong><br data-start=\"1812\" data-end=\"1815\" \/>\u2022 Plata de ley 925 maciza<br data-start=\"1842\" data-end=\"1845\" \/>\u2022 Vidrio marino genuino ca\u00eddo en el oc\u00e9ano (azul)<\/p>\n<p data-start=\"1892\" data-end=\"1909\"><strong>\u2728 TENGA EN CUENTA<\/strong><\/p>\n<p data-start=\"1911\" data-end=\"2036\"><strong data-start=\"1911\" data-end=\"1931\">TIEMPO DE PROCESAMIENTO:<\/strong> 1\u20133 d\u00edas h\u00e1biles<br data-start=\"1949\" data-end=\"1952\" \/><strong data-start=\"1952\" data-end=\"1965\">NAVIERO:<\/strong><br data-start=\"1965\" data-end=\"1968\" \/>\u2022 Espa\u00f1a: 24\u201348 horas<br data-start=\"1988\" data-end=\"1991\" \/>\u2022 Resto de Europa: 3-5 d\u00edas (env\u00edo expr\u00e9s)<\/p>\n<p data-start=\"2038\" data-end=\"2183\"><strong data-start=\"2038\" data-end=\"2052\">SELLO 925:<\/strong><br data-start=\"2052\" data-end=\"2055\" \/>Todas mis joyas de plata est\u00e1n estampadas con el n\u00famero 925, ya sea en la parte posterior del colgante o en el cierre, como se requiere para las piezas de plata esterlina.<\/p>\n","protected":false},"excerpt":{"rendered":"<p data-start=\"1536\" data-end=\"1882\">Collar hecho a mano.<\/p>\n","protected":false},"featured_media":99262,"comment_status":"open","ping_status":"closed","template":"","meta":{"_et_pb_use_builder":"","_et_pb_old_content":"","_et_gb_content_width":""},"product_brand":[],"product_cat":[2223],"product_tag":[],"class_list":{"0":"post-98310","1":"product","2":"type-product","3":"status-publish","4":"has-post-thumbnail","6":"product_cat-joyas-del-mar","8":"first","9":"instock","10":"taxable","11":"shipping-taxable","12":"purchasable","13":"product-type-simple"},"exclude_global_add_ons":[],"addons":[],"jetpack_sharing_enabled":true,"_links":{"self":[{"href":"https:\/\/africandreamland.com\/es\/wp-json\/wp\/v2\/product\/98310","targetHints":{"allow":["GET"]}}],"collection":[{"href":"https:\/\/africandreamland.com\/es\/wp-json\/wp\/v2\/product"}],"about":[{"href":"https:\/\/africandreamland.com\/es\/wp-json\/wp\/v2\/types\/product"}],"replies":[{"embeddable":true,"href":"https:\/\/africandreamland.com\/es\/wp-json\/wp\/v2\/comments?post=98310"}],"wp:featuredmedia":[{"embeddable":true,"href":"https:\/\/africandreamland.com\/es\/wp-json\/wp\/v2\/media\/99262"}],"wp:attachment":[{"href":"https:\/\/africandreamland.com\/es\/wp-json\/wp\/v2\/media?parent=98310"}],"wp:term":[{"taxonomy":"product_brand","embeddable":true,"href":"https:\/\/africandreamland.com\/es\/wp-json\/wp\/v2\/product_brand?post=98310"},{"taxonomy":"product_cat","embeddable":true,"href":"https:\/\/africandreamland.com\/es\/wp-json\/wp\/v2\/product_cat?post=98310"},{"taxonomy":"product_tag","embeddable":true,"href":"https:\/\/africandreamland.com\/es\/wp-json\/wp\/v2\/product_tag?post=98310"}],"curies":[{"name":"wp","href":"https:\/\/api.w.org\/{rel}","templated":true}]}}