{"id":98326,"date":"2020-02-12T12:10:24","date_gmt":"2020-02-12T11:10:24","guid":{"rendered":"https:\/\/africandreamland.com\/pendientes-terres-de-lebre\/"},"modified":"2020-02-12T12:10:24","modified_gmt":"2020-02-12T11:10:24","slug":"pendientes-terres-de-lebre","status":"publish","type":"product","link":"https:\/\/africandreamland.com\/es\/product\/pendientes-terres-de-lebre\/","title":{"rendered":"Pendientes Terres de l&#8217;Ebre"},"content":{"rendered":"<p data-start=\"252\" data-end=\"377\">\u00f0\u0178\u0152\u00bf Celebra tus ra\u00c3\u00adces con nuestros <strong data-start=\"298\" data-end=\"327\">pendientes Terres de l&#8217;Ebre<\/strong> hechos a mano, elaborados en plata de ley y llenos de significado.<\/p>\n<p data-start=\"379\" data-end=\"588\">Cada pendiente tiene la forma de la silueta ic\u00c3\u00b3nica de la <strong data-start=\"436\" data-end=\"463\">regi\u00c3\u00b3n de las Terres de l&#8217;Ebre<\/strong> y presenta un peque\u00c3\u00b1o coraz\u00c3\u00b3n recortado en su centro, un s\u00c3\u00admbolo sutil pero poderoso de amor por la tierra, el patrimonio y la identidad.<\/p>\n<h2 data-start=\"590\" data-end=\"793\">Cuidadosamente elaborados a mano en plata de ley maciza 925, estos pendientes Terres de l&#8217;Ebre son ligeros y minimalistas, pero ricos en valor emocional. Su longitud de 1 cm los hace ideales para el uso diario o para regalar con sentido. <\/h2>\n<p data-start=\"795\" data-end=\"923\">Llevados cerca de la cara, hablan en voz baja pero clara de pertenencia, belleza y una conexi\u00c3\u00b3n con el paisaje que te form\u00c3\u00b3.<\/p>\n<p data-start=\"925\" data-end=\"1072\">Sin moldes, sin producci\u00c3\u00b3n en masa: cada par se fabrica individualmente, lo que hace que <strong data-start=\"996\" data-end=\"1017\">cada pieza sea \u00c3\u00banica<\/strong>, al igual que las historias de la gente de estas tierras.<\/p>\n<p data-start=\"1074\" data-end=\"1202\">Un regalo perfecto para hijas del Ebro, amantes de la identidad local, o cualquier persona que lleve el sur de Catalu\u00c3\u00b1a en su coraz\u00c3\u00b3n.<\/p>\n<p data-start=\"1209\" data-end=\"1227\"><strong>\u00e2\u0153\u00a8 C\u00c3\u201cMO HACER EL PEDIDO<\/strong><\/p>\n<p data-start=\"1229\" data-end=\"1360\">Para traer estos Pendientes Terres de l&#8217;Ebre a tu vida, simplemente elige tu par, a\u00c3\u00b1\u00c3\u00a1delos al carrito y completa tu proceso de compra.<\/p>\n<p data-start=\"1362\" data-end=\"1416\">Ser\u00c3\u00a1n hechos y enviados con cuidado, solo para ti.<\/p>\n<p data-start=\"1423\" data-end=\"1441\"><strong>\u00e2\u0153\u00a8 QU\u00c3\u2030 RECIBIR\u00c3\u0081S<\/strong><\/p>\n<p data-start=\"1443\" data-end=\"1579\">Recibir\u00c3\u00a1s tus pendientes <strong data-start=\"1472\" data-end=\"1511\">bellamente empaquetados y listos para regalar<\/strong>, con una peque\u00c3\u00b1a sorpresa incluida, perfecta para regalar o atesorar.<\/p>\n<p data-start=\"1586\" data-end=\"1596\"><strong>\u00e2\u0153\u00a8 PREGUNTAS FRECUENTES<\/strong><\/p>\n<p data-start=\"1598\" data-end=\"1792\"><strong data-start=\"1598\" data-end=\"1615\">TAMA\u00c3\u2018O DEL PENDIENTE:<\/strong> aprox. 1 cm <br data-start=\"1628\" data-end=\"1631\"><strong data-start=\"1631\" data-end=\"1642\">TERMINAR:<\/strong> Plata pulida suave (como en la imagen)<br data-start=\"1660\" data-end=\"1663\"><strong data-start=\"1663\" data-end=\"1677\">MATERIALES:<\/strong><br data-start=\"1677\" data-end=\"1680\">\u00e2\u20ac\u00a2 Plata de ley 925 maciza<br data-start=\"1707\" data-end=\"1710\">\u00e2\u20ac\u00a2 Hecho a mano: no hay dos iguales<br data-start=\"1743\" data-end=\"1746\"><strong data-start=\"1746\" data-end=\"1758\">APOYO:<\/strong> Dorso de mariposa de plata de ley<\/p>\n<p data-start=\"1799\" data-end=\"1816\"><strong>\u00e2\u0153\u00a8 TENGA EN CUENTA<\/strong><\/p>\n<p data-start=\"1818\" data-end=\"1943\"><strong data-start=\"1818\" data-end=\"1838\">TIEMPO DE PROCESAMIENTO:<\/strong> 1\u00e2\u20ac\u201c3 d\u00c3\u00adas h\u00c3\u00a1biles<br data-start=\"1856\" data-end=\"1859\"><strong data-start=\"1859\" data-end=\"1872\">NAVIERO:<\/strong><br data-start=\"1872\" data-end=\"1875\">\u00e2\u20ac\u00a2 Espa\u00c3\u00b1a: 24\u00e2\u20ac\u201c48 horas<br data-start=\"1895\" data-end=\"1898\">\u00e2\u20ac\u00a2 Resto de Europa: 3-5 d\u00c3\u00adas (env\u00c3\u00ado expr\u00c3\u00a9s)<\/p>\n<p data-start=\"1945\" data-end=\"2078\"><strong data-start=\"1945\" data-end=\"1959\">SELLO 925:<\/strong><br data-start=\"1959\" data-end=\"1962\">Todas mis joyas de plata de ley est\u00c3\u00a1n estampadas con el n\u00c3\u00bamero 925 en la parte posterior o cerca del cierre, de acuerdo con los est\u00c3\u00a1ndares de calidad.<\/p>\n","protected":false},"excerpt":{"rendered":"<p>Pendientes Mapa Terres de l&#8217;Ebre Plata de Ley Pendientes Amposta, Pendientes Mapa Montsia Plata Plata 935 en caja de regalo kraft con un Regalo Extra Gratis.<\/p>\n<p>\u00e2\u0153\u00bfDeja que tu coraz\u00c3\u00b3n te lleve a&#8230;<\/p>\n","protected":false},"featured_media":99119,"comment_status":"open","ping_status":"closed","template":"","meta":{"_et_pb_use_builder":"","_et_pb_old_content":"","_et_gb_content_width":""},"product_brand":[],"product_cat":[1446],"product_tag":[],"class_list":{"0":"post-98326","1":"product","2":"type-product","3":"status-publish","4":"has-post-thumbnail","6":"product_cat-otras-joyas-mapas","8":"first","9":"instock","10":"taxable","11":"shipping-taxable","12":"purchasable","13":"product-type-simple"},"exclude_global_add_ons":[],"addons":[],"jetpack_sharing_enabled":true,"_links":{"self":[{"href":"https:\/\/africandreamland.com\/es\/wp-json\/wp\/v2\/product\/98326","targetHints":{"allow":["GET"]}}],"collection":[{"href":"https:\/\/africandreamland.com\/es\/wp-json\/wp\/v2\/product"}],"about":[{"href":"https:\/\/africandreamland.com\/es\/wp-json\/wp\/v2\/types\/product"}],"replies":[{"embeddable":true,"href":"https:\/\/africandreamland.com\/es\/wp-json\/wp\/v2\/comments?post=98326"}],"wp:featuredmedia":[{"embeddable":true,"href":"https:\/\/africandreamland.com\/es\/wp-json\/wp\/v2\/media\/99119"}],"wp:attachment":[{"href":"https:\/\/africandreamland.com\/es\/wp-json\/wp\/v2\/media?parent=98326"}],"wp:term":[{"taxonomy":"product_brand","embeddable":true,"href":"https:\/\/africandreamland.com\/es\/wp-json\/wp\/v2\/product_brand?post=98326"},{"taxonomy":"product_cat","embeddable":true,"href":"https:\/\/africandreamland.com\/es\/wp-json\/wp\/v2\/product_cat?post=98326"},{"taxonomy":"product_tag","embeddable":true,"href":"https:\/\/africandreamland.com\/es\/wp-json\/wp\/v2\/product_tag?post=98326"}],"curies":[{"name":"wp","href":"https:\/\/api.w.org\/{rel}","templated":true}]}}