{"id":98338,"date":"2020-02-29T21:10:55","date_gmt":"2020-02-29T20:10:55","guid":{"rendered":"https:\/\/africandreamland.com\/collar-kazajistan\/"},"modified":"2025-07-02T16:58:23","modified_gmt":"2025-07-02T14:58:23","slug":"collar-kazajistan","status":"publish","type":"product","link":"https:\/\/africandreamland.com\/es\/collar-kazajistan\/","title":{"rendered":"Collar Kazajist\u00e1n"},"content":{"rendered":"<p>\ud83c\udf0d Lleva tus ra\u00edces contigo con nuestro Mapa de <strong>Collar Kazajist\u00e1n<\/strong> , un poderoso s\u00edmbolo en plata de ley maciza.<\/p>\n<p>Este colgante hecho a mano representa la forma completa de <strong>Kazajist\u00e1n<\/strong>, tallado y pulido en plata de ley 925 con bordes org\u00e1nicos suaves y un acabado mate. Mide aproximadamente 3 cm, es atrevido pero minimalista, una pieza que habla de identidad, origen y conexi\u00f3n. <\/p>\n<h2>Suspendido de un cord\u00f3n de algod\u00f3n marr\u00f3n oscuro, disponible en 3 longitudes diferentes (40, 45 o 50 cm), este collar Kazajist\u00e1n est\u00e1 dise\u00f1ado para adaptarse a todos los estilos, desde el minimalismo ce\u00f1ido al cuello hasta una sensaci\u00f3n m\u00e1s holgada y relajada.<\/h2>\n<p>Cada pieza est\u00e1 cuidadosamente aserrada, limada y terminada a mano, sin moldes ni fundici\u00f3n, lo que hace que cada collar sea verdaderamente <strong>\u00fanico<\/strong>.<\/p>\n<p>Un regalo bien pensado para expatriados kazajos, de la di\u00e1spora, viajeros o cualquier persona con una historia personal vinculada a esta vasta y hermosa tierra.<\/p>\n<p><strong>\u2728 C\u00d3MO HACER EL PEDIDO<\/strong><\/p>\n<p>Simplemente seleccione la longitud del cord\u00f3n que prefiera (40 cm, 45 cm o 50 cm), agregue su collar al carrito y complete el pago.<\/p>\n<p>Su collar de Kazajst\u00e1n ser\u00e1 hecho a mano y enviado con cuidado solo para usted.<\/p>\n<p><strong>\u2728 QU\u00c9 RECIBIR\u00c1S<\/strong><\/p>\n<p>Su collar llegar\u00e1 <strong>listo para regalar y bellamente envuelto<\/strong>, incluida una peque\u00f1a sorpresa, ideal para regalar o coleccionar.<\/p>\n<p><strong>\u2728 PREGUNTAS FRECUENTES<\/strong><\/p>\n<p><strong>TAMA\u00d1O DEL COLGANTE:<\/strong> aprox. 3 cm de ancho<br \/>\n<strong>OPCIONES DE LONGITUD DEL CABLE:<\/strong> 40 cm \u00b7 45 cm \u00b7 50 cm<br \/>\n<strong>MATERIALES:<\/strong><br \/>\n\u2022 Plata<br \/>\n de ley 925 maciza\u2022 Cord\u00f3n de algod\u00f3n encerado \u2013 marr\u00f3n oscuro<br \/>\n<strong>TERMINAR:<\/strong> Plata pulida suave<br \/>\n<strong>CIERRE:<\/strong> cierre de plata<\/p>\n<p><strong>\u2728 TENGA EN CUENTA<\/strong><\/p>\n<p><strong>TIEMPO DE PROCESAMIENTO:<\/strong> 1\u20133 d\u00edas h\u00e1biles<br \/>\n<strong>NAVIERO:<\/strong><br \/>\n\u2022 Espa\u00f1a: 24-48 horas<br \/>\n\u2022 Europa y Estados Unidos: 3-5 d\u00edas (env\u00edo expr\u00e9s)<\/p>\n<p><strong>SELLO 925:<\/strong><br \/>\nTodos los elementos de plata est\u00e1n estampados con el sello 925, ya sea en el colgante o en el cierre, de acuerdo con los est\u00e1ndares internacionales de plata.<\/p>\n","protected":false},"excerpt":{"rendered":"<p>Colgante de mapa de Kazajist\u00e1n.<\/p>\n","protected":false},"featured_media":99116,"comment_status":"open","ping_status":"closed","template":"","meta":{"_et_pb_use_builder":"","_et_pb_old_content":"","_et_gb_content_width":""},"product_brand":[],"product_cat":[1446],"product_tag":[],"class_list":{"0":"post-98338","1":"product","2":"type-product","3":"status-publish","4":"has-post-thumbnail","6":"product_cat-otras-joyas-mapas","8":"first","9":"instock","10":"taxable","11":"shipping-taxable","12":"purchasable","13":"product-type-variable"},"exclude_global_add_ons":[],"addons":[],"jetpack_sharing_enabled":true,"_links":{"self":[{"href":"https:\/\/africandreamland.com\/es\/wp-json\/wp\/v2\/product\/98338","targetHints":{"allow":["GET"]}}],"collection":[{"href":"https:\/\/africandreamland.com\/es\/wp-json\/wp\/v2\/product"}],"about":[{"href":"https:\/\/africandreamland.com\/es\/wp-json\/wp\/v2\/types\/product"}],"replies":[{"embeddable":true,"href":"https:\/\/africandreamland.com\/es\/wp-json\/wp\/v2\/comments?post=98338"}],"wp:featuredmedia":[{"embeddable":true,"href":"https:\/\/africandreamland.com\/es\/wp-json\/wp\/v2\/media\/99116"}],"wp:attachment":[{"href":"https:\/\/africandreamland.com\/es\/wp-json\/wp\/v2\/media?parent=98338"}],"wp:term":[{"taxonomy":"product_brand","embeddable":true,"href":"https:\/\/africandreamland.com\/es\/wp-json\/wp\/v2\/product_brand?post=98338"},{"taxonomy":"product_cat","embeddable":true,"href":"https:\/\/africandreamland.com\/es\/wp-json\/wp\/v2\/product_cat?post=98338"},{"taxonomy":"product_tag","embeddable":true,"href":"https:\/\/africandreamland.com\/es\/wp-json\/wp\/v2\/product_tag?post=98338"}],"curies":[{"name":"wp","href":"https:\/\/api.w.org\/{rel}","templated":true}]}}