{"id":98538,"date":"2025-09-24T11:51:35","date_gmt":"2025-09-24T09:51:35","guid":{"rendered":"https:\/\/africandreamland.com\/gemelos-de-boda\/"},"modified":"2025-11-24T19:50:39","modified_gmt":"2025-11-24T18:50:39","slug":"gemelos-de-boda","status":"publish","type":"product","link":"https:\/\/africandreamland.com\/es\/gemelos-de-boda\/","title":{"rendered":"Gemelos de boda \u2013 &#8220;De tu mano mis primeros pasos&#8221; y &#8220;De tu brazo al altar&#8221;"},"content":{"rendered":"<p>Celebra uno de los momentos m\u00e1s significativos de la vida con estos <strong>gemelos de boda personalizados<\/strong>, grabados con palabras emotivas que simbolizan el amor, la gratitud y los lazos familiares.<\/p>\n<p><strong>Dise\u00f1o elegante y significativo<\/strong><\/p>\n<p>Cada gemelo lleva un grabado \u00fanico:<br \/>\n <strong>\u2013 &#8220;De tu mano mis primeros pasos&#8221;<\/strong> con delicados pies.<br \/>\n\u2013 <strong>&#8220;De tu brazo al altar&#8221;<\/strong> con un coraz\u00f3n.<br \/>\nEste par simb\u00f3lico es un recuerdo sincero para el d\u00eda de una boda o cualquier ocasi\u00f3n especial.<\/p>\n<p>Si necesita otro grabado, por favor cont\u00e1cteme.<\/p>\n<p><strong>Acero inoxidable de alta calidad<\/strong><\/p>\n<h2>Estos gemelos de boda est\u00e1n hechos de <strong>acero inoxidable duradero<\/strong> con un acabado de espejo pulido, estos gemelos son resistentes, elegantes y est\u00e1n dise\u00f1ados para durar toda la vida. Su <strong>forma redonda de 1,6 cm<\/strong> tiene el tama\u00f1o perfecto para ser visible pero sutil. <\/h2>\n<p>Cada pieza est\u00e1 <strong>grabada con l\u00e1ser<\/strong> en nuestro taller artesanal en Bages, Barcelona, asegurando precisi\u00f3n, durabilidad y un toque verdaderamente artesanal.<\/p>\n<p><strong>Presentaci\u00f3n lista para regalar<\/strong><\/p>\n<p>Los gemelos se entregan en una <strong>caja de gemelos de madera<\/strong> grabada con la misma frase en la tapa, haciendo que la presentaci\u00f3n sea tan especial como el propio regalo. Para completar la experiencia, incluimos un <strong>regalo adicional gratuito<\/strong> con cada pedido. <\/p>\n<p><strong>Un regalo perfecto para<\/strong><\/p>\n<ul>\n<li>Padre de la novia<\/li>\n<li>Novio o padrino<\/li>\n<li>Bodas, aniversarios o comuniones<\/li>\n<li>Cualquier persona que valore los recuerdos sentimentales y simb\u00f3licos<\/li>\n<\/ul>\n","protected":false},"excerpt":{"rendered":"<p>Gemelos de boda<\/p>\n","protected":false},"featured_media":99104,"comment_status":"open","ping_status":"closed","template":"","meta":{"_et_pb_use_builder":"","_et_pb_old_content":"","_et_gb_content_width":""},"product_brand":[],"product_cat":[2185],"product_tag":[],"class_list":{"0":"post-98538","1":"product","2":"type-product","3":"status-publish","4":"has-post-thumbnail","6":"product_cat-joyas-de-boda","8":"first","9":"instock","10":"taxable","11":"shipping-taxable","12":"purchasable","13":"product-type-variable"},"exclude_global_add_ons":[],"addons":[],"jetpack_sharing_enabled":true,"_links":{"self":[{"href":"https:\/\/africandreamland.com\/es\/wp-json\/wp\/v2\/product\/98538","targetHints":{"allow":["GET"]}}],"collection":[{"href":"https:\/\/africandreamland.com\/es\/wp-json\/wp\/v2\/product"}],"about":[{"href":"https:\/\/africandreamland.com\/es\/wp-json\/wp\/v2\/types\/product"}],"replies":[{"embeddable":true,"href":"https:\/\/africandreamland.com\/es\/wp-json\/wp\/v2\/comments?post=98538"}],"wp:featuredmedia":[{"embeddable":true,"href":"https:\/\/africandreamland.com\/es\/wp-json\/wp\/v2\/media\/99104"}],"wp:attachment":[{"href":"https:\/\/africandreamland.com\/es\/wp-json\/wp\/v2\/media?parent=98538"}],"wp:term":[{"taxonomy":"product_brand","embeddable":true,"href":"https:\/\/africandreamland.com\/es\/wp-json\/wp\/v2\/product_brand?post=98538"},{"taxonomy":"product_cat","embeddable":true,"href":"https:\/\/africandreamland.com\/es\/wp-json\/wp\/v2\/product_cat?post=98538"},{"taxonomy":"product_tag","embeddable":true,"href":"https:\/\/africandreamland.com\/es\/wp-json\/wp\/v2\/product_tag?post=98538"}],"curies":[{"name":"wp","href":"https:\/\/api.w.org\/{rel}","templated":true}]}}