{"id":98726,"date":"2025-10-19T13:05:47","date_gmt":"2025-10-19T11:05:47","guid":{"rendered":"https:\/\/africandreamland.com\/?post_type=product&#038;p=98726"},"modified":"2025-10-19T13:33:56","modified_gmt":"2025-10-19T11:33:56","slug":"colgante-huella-de-perro","status":"publish","type":"product","link":"https:\/\/africandreamland.com\/es\/colgante-huella-de-perro\/","title":{"rendered":"Colgante de huella de perro"},"content":{"rendered":"<p>Colgante de huella de perro que hab\u00eda hecho en mi peque\u00f1o taller.<\/p>\n<h2>Este delicado collar con colgante de huella de perro de plata esterlina grabado con una peque\u00f1a huella y un coraz\u00f3n, lleva el recuerdo y el amor de tu fiel amigo dondequiera que vayas.<\/h2>\n<p>Detalles<br \/>\n\u2022 Material: plata de ley 925<br \/>\n\u2022 Ancho: 1 cm<br \/>\n\u2022 T\u00e9cnica: hecho a mano, grabado con l\u00e1ser, acabado pulido artesanal<br \/>\n\u2022 Tama\u00f1o del collar: Elija entre las opciones 40 cm (16&#8243;) o 45 cm (18&#8243;).<\/p>\n<p>Tu joya llegar\u00e1 lista para regalar en una caja kraft cuidadosamente envuelta, con un peque\u00f1o regalo extra y un pa\u00f1o de pulido plateado.<br \/>\nTodas las piezas de plata de ley o chapadas est\u00e1n estampadas con 925 en el reverso de la joya o en los cierres de collares y pendientes.<\/p>\n","protected":false},"excerpt":{"rendered":"<p>Colgante de plata de ley<\/p>\n","protected":false},"featured_media":98680,"comment_status":"open","ping_status":"closed","template":"","meta":{"_et_pb_use_builder":"","_et_pb_old_content":"","_et_gb_content_width":""},"product_brand":[],"product_cat":[2241],"product_tag":[],"class_list":{"0":"post-98726","1":"product","2":"type-product","3":"status-publish","4":"has-post-thumbnail","6":"product_cat-joyas-de-mascotas","8":"first","9":"instock","10":"taxable","11":"shipping-taxable","12":"purchasable","13":"product-type-variable"},"exclude_global_add_ons":[],"addons":[],"jetpack_sharing_enabled":true,"_links":{"self":[{"href":"https:\/\/africandreamland.com\/es\/wp-json\/wp\/v2\/product\/98726","targetHints":{"allow":["GET"]}}],"collection":[{"href":"https:\/\/africandreamland.com\/es\/wp-json\/wp\/v2\/product"}],"about":[{"href":"https:\/\/africandreamland.com\/es\/wp-json\/wp\/v2\/types\/product"}],"replies":[{"embeddable":true,"href":"https:\/\/africandreamland.com\/es\/wp-json\/wp\/v2\/comments?post=98726"}],"wp:featuredmedia":[{"embeddable":true,"href":"https:\/\/africandreamland.com\/es\/wp-json\/wp\/v2\/media\/98680"}],"wp:attachment":[{"href":"https:\/\/africandreamland.com\/es\/wp-json\/wp\/v2\/media?parent=98726"}],"wp:term":[{"taxonomy":"product_brand","embeddable":true,"href":"https:\/\/africandreamland.com\/es\/wp-json\/wp\/v2\/product_brand?post=98726"},{"taxonomy":"product_cat","embeddable":true,"href":"https:\/\/africandreamland.com\/es\/wp-json\/wp\/v2\/product_cat?post=98726"},{"taxonomy":"product_tag","embeddable":true,"href":"https:\/\/africandreamland.com\/es\/wp-json\/wp\/v2\/product_tag?post=98726"}],"curies":[{"name":"wp","href":"https:\/\/api.w.org\/{rel}","templated":true}]}}